{"id":3493,"date":"2020-02-07T02:16:44","date_gmt":"2020-02-07T02:16:44","guid":{"rendered":"https:\/\/demo.casethemes.net\/consultio-business4\/?page_id=3493"},"modified":"2021-08-18T11:17:22","modified_gmt":"2021-08-18T08:17:22","slug":"about-v-3","status":"publish","type":"page","link":"https:\/\/www.atlihukuk.com\/index.php\/about-v-3\/","title":{"rendered":"KURUMSAL"},"content":{"rendered":"\t\t<div data-elementor-type=\"wp-page\" data-elementor-id=\"3493\" class=\"elementor elementor-3493\">\n\t\t\t\t\t\t\t        <section class=\"elementor-section elementor-top-section elementor-element elementor-element-64fd72b8 elementor-section-boxed elementor-section-height-default elementor-section-height-default\" data-id=\"64fd72b8\" data-element_type=\"section\">\n            \n                        <div class=\"elementor-container elementor-column-gap-default \">\n                    <div class=\"elementor-column elementor-col-100 elementor-top-column elementor-element elementor-element-305603d7\" data-id=\"305603d7\" data-element_type=\"column\">\n            <div class=\"elementor-widget-wrap elementor-element-populated\">\n                        \t\t<div class=\"elementor-element elementor-element-40e6861c wow fadeInRight elementor-widget elementor-widget-ct_banner\" data-id=\"40e6861c\" data-element_type=\"widget\" data-widget_type=\"ct_banner.default\">\n\t\t\t\t<div class=\"elementor-widget-container\">\n\t\t\t<div class=\"ct-banner1 \" data-wow-delay=\"ms\">\r\n\t<div class=\"ct-banner-imge\">\r\n    \t<img decoding=\"async\" width=\"2000\" height=\"1333\" src=\"https:\/\/www.atlihukuk.com\/wp-content\/uploads\/2021\/08\/M_IV5225.jpg\" class=\"attachment-full size-full wp-image-8705\" alt=\"\" srcset=\"https:\/\/www.atlihukuk.com\/wp-content\/uploads\/2021\/08\/M_IV5225.jpg 2000w, https:\/\/www.atlihukuk.com\/wp-content\/uploads\/2021\/08\/M_IV5225-300x200.jpg 300w, https:\/\/www.atlihukuk.com\/wp-content\/uploads\/2021\/08\/M_IV5225-1024x682.jpg 1024w, https:\/\/www.atlihukuk.com\/wp-content\/uploads\/2021\/08\/M_IV5225-768x512.jpg 768w, https:\/\/www.atlihukuk.com\/wp-content\/uploads\/2021\/08\/M_IV5225-1536x1024.jpg 1536w, https:\/\/www.atlihukuk.com\/wp-content\/uploads\/2021\/08\/M_IV5225-600x400.jpg 600w\" sizes=\"(max-width: 2000px) 100vw, 2000px\" \/>        <h3 class=\"ct-banner-title\"><\/h3>\r\n    <\/div>\r\n<\/div>\t\t<\/div>\n\t\t\t\t<\/div>\n\t\t\t\t<div class=\"elementor-element elementor-element-398fa9be wow fadeInUp elementor-widget elementor-widget-text-editor\" data-id=\"398fa9be\" data-element_type=\"widget\" data-widget_type=\"text-editor.default\">\n\t\t\t\t<div class=\"elementor-widget-container\">\n\t\t\t<style>\/*! elementor - v3.15.0 - 20-08-2023 *\/\n.elementor-widget-text-editor.elementor-drop-cap-view-stacked .elementor-drop-cap{background-color:#69727d;color:#fff}.elementor-widget-text-editor.elementor-drop-cap-view-framed .elementor-drop-cap{color:#69727d;border:3px solid;background-color:transparent}.elementor-widget-text-editor:not(.elementor-drop-cap-view-default) .elementor-drop-cap{margin-top:8px}.elementor-widget-text-editor:not(.elementor-drop-cap-view-default) .elementor-drop-cap-letter{width:1em;height:1em}.elementor-widget-text-editor .elementor-drop-cap{float:left;text-align:center;line-height:1;font-size:50px}.elementor-widget-text-editor .elementor-drop-cap-letter{display:inline-block}<\/style>\t\t\t\t<p class=\"font_8\" style=\"text-align: justify;\">Atl\u0131 Hukuk unvan\u0131yla 2016 y\u0131l\u0131nda bir araya gelen kadro, alan\u0131nda uzman dan\u0131\u015fmanlar\u0131 ve ekip arkada\u015flar\u0131n\u0131n tecr\u00fcbesi ile dinamizmi harmanlayarak t\u00fczel ki\u015fili\u011fi bulunan kurumsal yap\u0131lara veya bireysel olarak yard\u0131m talebinde bulunan m\u00fcvekkillerine d\u00fcr\u00fcst, kar\u015f\u0131l\u0131kl\u0131 g\u00fcvene dayanan, kaliteli ve etkin hizmet verme prensibi ile faaliyetlerine devam etmektedir.\u00a0<\/p><p class=\"font_8\" style=\"text-align: justify;\">Atl\u0131 Hukuk, globalle\u015fen g\u00fcn\u00fcm\u00fcz d\u00fcnyas\u0131nda dinamikleri, teknolojik geli\u015fmeler ile yeniliklerin i\u015f hayat\u0131na yans\u0131malar\u0131n\u0131 ve nihayetinde de\u011fi\u015fim g\u00f6steren hukuk kurallar\u0131n\u0131 yak\u0131ndan takip ederek, geni\u015f bir hukuk alan\u0131nda olaylar\u0131 \u00e7ok y\u00f6nl\u00fc de\u011ferlendirerek dan\u0131\u015fmanl\u0131k ve avukatl\u0131k hizmeti sunmaktad\u0131r.\u00a0<\/p><p class=\"font_8\" style=\"text-align: justify;\">Atl\u0131 Hukuk; Ceza Hukuku, Ticaret Hukuku, S\u00f6zle\u015fme Hukuku, Bor\u00e7lar Hukuku, Aile Hukuku, Miras Hukuku, E\u015fya Hukuku, \u0130\u015f Hukuku, \u0130cra ve \u0130flas Hukuku ve \u0130dare Hukuku gibi bir\u00e7ok hukuk dal\u0131nda, geni\u015f ekibi ile dan\u0131\u015fman kadrosunun tecr\u00fcbe ve deste\u011fiyle faaliyetlerini s\u00fcrd\u00fcrmekte, ayr\u0131ca Arabuluculuk Resmi Siciline kay\u0131tl\u0131 arabulucu kadrosuyla ihtiyati ve zorunlu arabuluculuk hizmetlerini de ifa etmektedir.<\/p><p class=\"font_8\" style=\"text-align: justify;\">Ayr\u0131ca; m\u00fcvekkillerinin istekleri do\u011frultusunda Fikri ve S\u0131na\u00ee M\u00fclkiyet Hukuku alan\u0131ndaki ola\u011fan hukuki i\u015flerinin takibini partner ofisleriyle birlikte y\u00fcr\u00fctmekte, T\u00fcrk Patent Enstit\u00fcs\u00fc nezdinde ger\u00e7ekle\u015ftirilecek hukuki hizmetler konusunda da yard\u0131mc\u0131 olmaktad\u0131r.<\/p><p class=\"font_8\" style=\"text-align: justify;\">Atl\u0131 Hukuk, talep eden m\u00fcvekkillerine \u201ckoruyucu avukatl\u0131k\u201d ve \u201chukuki dan\u0131\u015fmanl\u0131k\u201d deste\u011fi vermektedir. Bu kapsamda; m\u00fcvekkillerinin hukuken ve ticari anlamda azami d\u00fczeyde korunmas\u0131 amac\u0131yla taraf oldu\u011fu i\u015flerin her a\u015famas\u0131nda m\u00fcvekkillerine m\u00fc\u015favirlik hizmeti sa\u011flayarak; hukuki hata, sorun ve uyu\u015fmazl\u0131klar\u0131n \u00e7\u0131kmas\u0131n\u0131 \u00f6nlemekte, \u015firket i\u00e7i hukuki riskleri asgari seviyede tutarak maddi kay\u0131p ya\u015fanmas\u0131 ve hukuki problemlere en ba\u015fta \u00e7\u00f6z\u00fcm \u00fcreterek ileride kar\u015f\u0131la\u015f\u0131lmas\u0131 muhtemel riskleri kald\u0131rmay\u0131 hedeflemektedir. Ayr\u0131ca m\u00fcvekkillerini temsilen yap\u0131lacak g\u00f6r\u00fc\u015fmelere kat\u0131lmakta ve \u015firket i\u00e7i y\u00f6netim toplant\u0131lar\u0131na kat\u0131larak bilgi ve deneyimlerin payla\u015f\u0131lmas\u0131 konular\u0131nda hizmet sa\u011flamaktad\u0131r.\u00a0<\/p><p class=\"font_8\" style=\"text-align: justify;\">Sunulacak hukuki hizmetlerde bir \u00e7\u00f6z\u00fcm orta\u011f\u0131 olarak her zaman sizlerin yan\u0131n\u0131zda yer alaca\u011f\u0131m\u0131z\u0131, uzman kadromuz ve ekip arkada\u015flar\u0131m\u0131zla size en iyi ve en kaliteli hizmeti verme arzusu i\u00e7erisinde oldu\u011fumuzu memnuniyetle bildiririz.<\/p><p class=\"font_8\" style=\"text-align: right;\"><span class=\"wixGuard\">\u200b<\/span>ATLI HUKUK B\u00dcROSU<\/p>\t\t\t\t\t\t<\/div>\n\t\t\t\t<\/div>\n\t\t            <\/div>\n        <\/div>\n                            <\/div>\n        <\/section>\n        \t\t\t\t\t<\/div>\n\t\t","protected":false},"excerpt":{"rendered":"<p>Atl\u0131 Hukuk unvan\u0131yla 2016 y\u0131l\u0131nda bir araya gelen kadro, alan\u0131nda uzman dan\u0131\u015fmanlar\u0131 ve ekip arkada\u015flar\u0131n\u0131n tecr\u00fcbesi ile dinamizmi harmanlayarak t\u00fczel ki\u015fili\u011fi bulunan kurumsal yap\u0131lara veya bireysel olarak yard\u0131m talebinde bulunan m\u00fcvekkillerine d\u00fcr\u00fcst, kar\u015f\u0131l\u0131kl\u0131 g\u00fcvene dayanan, kaliteli ve etkin hizmet verme prensibi ile faaliyetlerine devam etmektedir.\u00a0 Atl\u0131 Hukuk, globalle\u015fen g\u00fcn\u00fcm\u00fcz d\u00fcnyas\u0131nda dinamikleri, teknolojik geli\u015fmeler ile yeniliklerin [&hellip;]<\/p>\n","protected":false},"author":1,"featured_media":0,"parent":0,"menu_order":0,"comment_status":"closed","ping_status":"closed","template":"","meta":{"footnotes":""},"class_list":["post-3493","page","type-page","status-publish","hentry"],"_links":{"self":[{"href":"https:\/\/www.atlihukuk.com\/index.php\/wp-json\/wp\/v2\/pages\/3493","targetHints":{"allow":["GET"]}}],"collection":[{"href":"https:\/\/www.atlihukuk.com\/index.php\/wp-json\/wp\/v2\/pages"}],"about":[{"href":"https:\/\/www.atlihukuk.com\/index.php\/wp-json\/wp\/v2\/types\/page"}],"author":[{"embeddable":true,"href":"https:\/\/www.atlihukuk.com\/index.php\/wp-json\/wp\/v2\/users\/1"}],"replies":[{"embeddable":true,"href":"https:\/\/www.atlihukuk.com\/index.php\/wp-json\/wp\/v2\/comments?post=3493"}],"version-history":[{"count":19,"href":"https:\/\/www.atlihukuk.com\/index.php\/wp-json\/wp\/v2\/pages\/3493\/revisions"}],"predecessor-version":[{"id":9119,"href":"https:\/\/www.atlihukuk.com\/index.php\/wp-json\/wp\/v2\/pages\/3493\/revisions\/9119"}],"wp:attachment":[{"href":"https:\/\/www.atlihukuk.com\/index.php\/wp-json\/wp\/v2\/media?parent=3493"}],"curies":[{"name":"wp","href":"https:\/\/api.w.org\/{rel}","templated":true}]}}