{"id":3520,"date":"2020-02-07T02:21:23","date_gmt":"2020-02-07T02:21:23","guid":{"rendered":"https:\/\/demo.casethemes.net\/consultio-business4\/?page_id=3520"},"modified":"2021-08-18T10:56:51","modified_gmt":"2021-08-18T07:56:51","slug":"team-v-4","status":"publish","type":"page","link":"https:\/\/www.atlihukuk.com\/index.php\/team-v-4\/","title":{"rendered":"EK\u0130B\u0130M\u0130Z"},"content":{"rendered":"\t\t<div data-elementor-type=\"wp-page\" data-elementor-id=\"3520\" class=\"elementor elementor-3520\">\n\t\t\t\t\t\t\t        <section class=\"elementor-section elementor-top-section elementor-element elementor-element-8c17192 elementor-section-stretched elementor-section-boxed elementor-section-height-default elementor-section-height-default\" data-id=\"8c17192\" data-element_type=\"section\" data-settings=\"{&quot;stretch_section&quot;:&quot;section-stretched&quot;,&quot;background_background&quot;:&quot;classic&quot;}\">\n            \n                        <div class=\"elementor-container elementor-column-gap-extended \">\n                    <div class=\"elementor-column elementor-col-100 elementor-top-column elementor-element elementor-element-a445675\" data-id=\"a445675\" data-element_type=\"column\">\n            <div class=\"elementor-widget-wrap elementor-element-populated\">\n                                <section class=\"elementor-section elementor-inner-section elementor-element elementor-element-94d2f1d elementor-section-content-middle elementor-section-boxed elementor-section-height-default elementor-section-height-default\" data-id=\"94d2f1d\" data-element_type=\"section\">\n            \n                        <div class=\"elementor-container elementor-column-gap-extended \">\n                    <div class=\"elementor-column elementor-col-100 elementor-inner-column elementor-element elementor-element-6cb3f0d\" data-id=\"6cb3f0d\" data-element_type=\"column\">\n            <div class=\"elementor-widget-wrap elementor-element-populated\">\n                        \t\t<div class=\"elementor-element elementor-element-5e7c953 elementor-widget elementor-widget-ct_heading\" data-id=\"5e7c953\" data-element_type=\"widget\" data-widget_type=\"ct_heading.default\">\n\t\t\t\t<div class=\"elementor-widget-container\">\n\t\t\t<div class=\"ct-heading h-align-  sub- ct-heading-left item-st-line-left1\">\r\n\t    <h4 class=\"item--title st-line-left1 \" data-wow-delay=\"ms\">\r\n                <span>\r\n                            <i><\/i>\r\n            \r\n            Uzman ekibimizle hukuksal anlamda t\u00fcm ihtiya\u00e7lar\u0131n\u0131za size \u00f6zel \u00e7\u00f6z\u00fcmler \u00fcretiyoruz.\n\r\n                    <\/span>\r\n            <\/h4>\r\n<\/div>\t\t<\/div>\n\t\t\t\t<\/div>\n\t\t            <\/div>\n        <\/div>\n                            <\/div>\n        <\/section>\n        \t\t<div class=\"elementor-element elementor-element-8a0a04a elementor-widget elementor-widget-ct_team_grid\" data-id=\"8a0a04a\" data-element_type=\"widget\" data-settings=\"{&quot;_animation&quot;:&quot;none&quot;}\" data-widget_type=\"ct_team_grid.default\">\n\t\t\t\t<div class=\"elementor-widget-container\">\n\t\t\t    <div class=\"ct-grid ct-team-grid ct-team-grid4\">\r\n        <div class=\"ct-grid-inner ct-grid-masonry row animate-time\" data-gutter=\"15\">\r\n                            <div class=\"grid-item col-xl-3 col-lg-3 col-md-6 col-sm-6 col-12\">\r\n                    <div class=\"item--inner \">\r\n                                                    <div class=\"item--image\">\r\n                                <a href=\"https:\/\/www.atlihukuk.com\/index.php\/team-v-4\/team-details\/\"><img decoding=\"async\" class=\"disable-lazy \" src=\"https:\/\/www.atlihukuk.com\/wp-content\/uploads\/2021\/08\/erhan-atli2.jpg\" width=\"267\" height=\"352\" alt=\"erhan-atli2\" title=\"erhan-atli2\" \/><\/a>\r\n                            <\/div>\r\n                                                <div class=\"item--holder\">\r\n                            <div class=\"item--holder-inner\">\r\n                                <h3 class=\"item--title\">    \r\n                                    <a href=\"https:\/\/www.atlihukuk.com\/index.php\/team-v-4\/team-details\/\">ERHAN ATLI <\/a>\r\n                                <\/h3>\r\n                                <div class=\"item--position\">DANI\u015eMAN & ARABULUCU & AVUKAT<\/div>\r\n                                <ul class=\"item--social\">\r\n                                                                    <\/ul>\r\n                            <\/div>\r\n                        <\/div>\r\n                    <\/div>\r\n                <\/div>\r\n                            <div class=\"grid-item col-xl-3 col-lg-3 col-md-6 col-sm-6 col-12\">\r\n                    <div class=\"item--inner \">\r\n                                                    <div class=\"item--image\">\r\n                                <a href=\"https:\/\/www.atlihukuk.com\/index.php\/team-v-4\/v-alper-atli\/\"><img decoding=\"async\" class=\"disable-lazy \" src=\"https:\/\/www.atlihukuk.com\/wp-content\/uploads\/2021\/08\/alper-atli.jpg\" width=\"267\" height=\"352\" alt=\"alper-atli\" title=\"alper-atli\" \/><\/a>\r\n                            <\/div>\r\n                                                <div class=\"item--holder\">\r\n                            <div class=\"item--holder-inner\">\r\n                                <h3 class=\"item--title\">    \r\n                                    <a href=\"https:\/\/www.atlihukuk.com\/index.php\/team-v-4\/v-alper-atli\/\">V. ALPER ATLI <\/a>\r\n                                <\/h3>\r\n                                <div class=\"item--position\">AVUKAT<\/div>\r\n                                <ul class=\"item--social\">\r\n                                                                    <\/ul>\r\n                            <\/div>\r\n                        <\/div>\r\n                    <\/div>\r\n                <\/div>\r\n                            <div class=\"grid-item col-xl-3 col-lg-3 col-md-6 col-sm-6 col-12\">\r\n                    <div class=\"item--inner \">\r\n                                                    <div class=\"item--image\">\r\n                                <a href=\"https:\/\/www.atlihukuk.com\/index.php\/team-v-4\/kerem-atli-2\/\"><img decoding=\"async\" class=\"disable-lazy \" src=\"https:\/\/www.atlihukuk.com\/wp-content\/uploads\/2021\/08\/kerem-atli.jpg\" width=\"267\" height=\"352\" alt=\"kerem-atli\" title=\"kerem-atli\" \/><\/a>\r\n                            <\/div>\r\n                                                <div class=\"item--holder\">\r\n                            <div class=\"item--holder-inner\">\r\n                                <h3 class=\"item--title\">    \r\n                                    <a href=\"https:\/\/www.atlihukuk.com\/index.php\/team-v-4\/kerem-atli-2\/\">KEREM ATLI <\/a>\r\n                                <\/h3>\r\n                                <div class=\"item--position\">AVUKAT<\/div>\r\n                                <ul class=\"item--social\">\r\n                                                                    <\/ul>\r\n                            <\/div>\r\n                        <\/div>\r\n                    <\/div>\r\n                <\/div>\r\n                            <div class=\"grid-item col-xl-3 col-lg-3 col-md-6 col-sm-6 col-12\">\r\n                    <div class=\"item--inner \">\r\n                                                    <div class=\"item--image\">\r\n                                <a href=\"https:\/\/www.atlihukuk.com\/index.php\/team-v-4\/rahime-atli\/\"><img decoding=\"async\" class=\"disable-lazy \" src=\"https:\/\/www.atlihukuk.com\/wp-content\/uploads\/2021\/08\/hazirlik-1.jpg\" width=\"267\" height=\"352\" alt=\"hazirlik\" title=\"hazirlik\" \/><\/a>\r\n                            <\/div>\r\n                                                <div class=\"item--holder\">\r\n                            <div class=\"item--holder-inner\">\r\n                                <h3 class=\"item--title\">    \r\n                                    <a href=\"https:\/\/www.atlihukuk.com\/index.php\/team-v-4\/rahime-atli\/\">RAH\u0130ME ATLI <\/a>\r\n                                <\/h3>\r\n                                <div class=\"item--position\">DANI\u015eMAN<\/div>\r\n                                <ul class=\"item--social\">\r\n                                                                    <\/ul>\r\n                            <\/div>\r\n                        <\/div>\r\n                    <\/div>\r\n                <\/div>\r\n                            <div class=\"grid-item col-xl-3 col-lg-3 col-md-6 col-sm-6 col-12\">\r\n                    <div class=\"item--inner \">\r\n                                                    <div class=\"item--image\">\r\n                                <a href=\"https:\/\/www.atlihukuk.com\/index.php\/team-v-4\/prof-dr-abdulkadir-sener\/\"><img decoding=\"async\" class=\"disable-lazy \" src=\"https:\/\/www.atlihukuk.com\/wp-content\/uploads\/2021\/08\/hazirlik-1.jpg\" width=\"267\" height=\"352\" alt=\"hazirlik\" title=\"hazirlik\" \/><\/a>\r\n                            <\/div>\r\n                                                <div class=\"item--holder\">\r\n                            <div class=\"item--holder-inner\">\r\n                                <h3 class=\"item--title\">    \r\n                                    <a href=\"https:\/\/www.atlihukuk.com\/index.php\/team-v-4\/prof-dr-abdulkadir-sener\/\">Prof Dr. ABDULKAD\u0130R \u015eENER <\/a>\r\n                                <\/h3>\r\n                                <div class=\"item--position\">DANI\u015eMAN<\/div>\r\n                                <ul class=\"item--social\">\r\n                                                                    <\/ul>\r\n                            <\/div>\r\n                        <\/div>\r\n                    <\/div>\r\n                <\/div>\r\n                        <div class=\"grid-sizer col-xl-3 col-lg-3 col-md-6 col-sm-6 col-12\"><\/div>\r\n        <\/div>\r\n    <\/div>\r\n\t\t<\/div>\n\t\t\t\t<\/div>\n\t\t            <\/div>\n        <\/div>\n                            <\/div>\n        <\/section>\n        \t\t\t\t\t<\/div>\n\t\t","protected":false},"excerpt":{"rendered":"<p>Uzman ekibimizle hukuksal anlamda t\u00fcm ihtiya\u00e7lar\u0131n\u0131za size \u00f6zel \u00e7\u00f6z\u00fcmler \u00fcretiyoruz. ERHAN ATLI DANI\u015eMAN &#038; ARABULUCU &#038; AVUKAT V. ALPER ATLI AVUKAT KEREM ATLI AVUKAT RAH\u0130ME ATLI DANI\u015eMAN Prof Dr. ABDULKAD\u0130R \u015eENER DANI\u015eMAN<\/p>\n","protected":false},"author":1,"featured_media":0,"parent":0,"menu_order":0,"comment_status":"closed","ping_status":"closed","template":"","meta":{"footnotes":""},"class_list":["post-3520","page","type-page","status-publish","hentry"],"_links":{"self":[{"href":"https:\/\/www.atlihukuk.com\/index.php\/wp-json\/wp\/v2\/pages\/3520","targetHints":{"allow":["GET"]}}],"collection":[{"href":"https:\/\/www.atlihukuk.com\/index.php\/wp-json\/wp\/v2\/pages"}],"about":[{"href":"https:\/\/www.atlihukuk.com\/index.php\/wp-json\/wp\/v2\/types\/page"}],"author":[{"embeddable":true,"href":"https:\/\/www.atlihukuk.com\/index.php\/wp-json\/wp\/v2\/users\/1"}],"replies":[{"embeddable":true,"href":"https:\/\/www.atlihukuk.com\/index.php\/wp-json\/wp\/v2\/comments?post=3520"}],"version-history":[{"count":53,"href":"https:\/\/www.atlihukuk.com\/index.php\/wp-json\/wp\/v2\/pages\/3520\/revisions"}],"predecessor-version":[{"id":9107,"href":"https:\/\/www.atlihukuk.com\/index.php\/wp-json\/wp\/v2\/pages\/3520\/revisions\/9107"}],"wp:attachment":[{"href":"https:\/\/www.atlihukuk.com\/index.php\/wp-json\/wp\/v2\/media?parent=3520"}],"curies":[{"name":"wp","href":"https:\/\/api.w.org\/{rel}","templated":true}]}}