{"id":362,"date":"2019-11-11T01:50:45","date_gmt":"2019-11-11T01:50:45","guid":{"rendered":"https:\/\/demo.casethemes.net\/consultio-business4\/?page_id=362"},"modified":"2021-08-08T14:58:50","modified_gmt":"2021-08-08T11:58:50","slug":"team-details","status":"publish","type":"page","link":"https:\/\/www.atlihukuk.com\/index.php\/team-v-4\/team-details\/","title":{"rendered":"Av. ERHAN ATLI"},"content":{"rendered":"\t\t<div data-elementor-type=\"wp-page\" data-elementor-id=\"362\" class=\"elementor elementor-362\">\n\t\t\t\t\t\t\t        <section class=\"elementor-section elementor-top-section elementor-element elementor-element-f04dad1 elementor-section-boxed elementor-section-height-default elementor-section-height-default\" data-id=\"f04dad1\" data-element_type=\"section\">\n            \n                        <div class=\"elementor-container elementor-column-gap-default \">\n                    <div class=\"elementor-column elementor-col-100 elementor-top-column elementor-element elementor-element-91e0e37\" data-id=\"91e0e37\" data-element_type=\"column\">\n            <div class=\"elementor-widget-wrap elementor-element-populated\">\n                        \t\t<div class=\"elementor-element elementor-element-6ef665a elementor-widget elementor-widget-ct_heading\" data-id=\"6ef665a\" data-element_type=\"widget\" data-widget_type=\"ct_heading.default\">\n\t\t\t\t<div class=\"elementor-widget-container\">\n\t\t\t<div class=\"ct-heading h-align-  sub- ct-heading-left item-st-line-left1\">\r\n\t    <h3 class=\"item--title st-line-left1 \" data-wow-delay=\"ms\">\r\n                <span>\r\n                            <i><\/i>\r\n            \r\n            ERHAN ATLI \r\n                    <\/span>\r\n            <\/h3>\r\n<\/div>\t\t<\/div>\n\t\t\t\t<\/div>\n\t\t\t\t<div class=\"elementor-element elementor-element-31c1987 elementor-widget elementor-widget-ct_heading\" data-id=\"31c1987\" data-element_type=\"widget\" data-widget_type=\"ct_heading.default\">\n\t\t\t\t<div class=\"elementor-widget-container\">\n\t\t\t<div class=\"ct-heading h-align-  sub- ct-heading-left item-st-line-left1\">\r\n\t    <h4 class=\"item--title st-line-left1 \" data-wow-delay=\"ms\">\r\n                <span>\r\n                            <i><\/i>\r\n            \r\n            DANI\u015eMAN &amp; ARABULUCU &amp; AVUKAT\r\n                    <\/span>\r\n            <\/h4>\r\n<\/div>\t\t<\/div>\n\t\t\t\t<\/div>\n\t\t            <\/div>\n        <\/div>\n                            <\/div>\n        <\/section>\n                <section class=\"elementor-section elementor-top-section elementor-element elementor-element-e2d4a6c elementor-section-boxed elementor-section-height-default elementor-section-height-default\" data-id=\"e2d4a6c\" data-element_type=\"section\">\n            \n                        <div class=\"elementor-container elementor-column-gap-extended \">\n                    <div class=\"elementor-column elementor-col-50 elementor-top-column elementor-element elementor-element-de3f4f6\" data-id=\"de3f4f6\" data-element_type=\"column\">\n            <div class=\"elementor-widget-wrap elementor-element-populated\">\n                        \t\t<div class=\"elementor-element elementor-element-e6498dd elementor-widget elementor-widget-image\" data-id=\"e6498dd\" data-element_type=\"widget\" data-widget_type=\"image.default\">\n\t\t\t\t<div class=\"elementor-widget-container\">\n\t\t\t<style>\/*! elementor - v3.15.0 - 20-08-2023 *\/\n.elementor-widget-image{text-align:center}.elementor-widget-image a{display:inline-block}.elementor-widget-image a img[src$=\".svg\"]{width:48px}.elementor-widget-image img{vertical-align:middle;display:inline-block}<\/style>\t\t\t\t\t\t\t\t\t\t\t\t<img decoding=\"async\" width=\"267\" height=\"352\" src=\"https:\/\/www.atlihukuk.com\/wp-content\/uploads\/2021\/08\/erhan-atli.jpg\" class=\"attachment-full size-full wp-image-8695\" alt=\"\" srcset=\"https:\/\/www.atlihukuk.com\/wp-content\/uploads\/2021\/08\/erhan-atli.jpg 267w, https:\/\/www.atlihukuk.com\/wp-content\/uploads\/2021\/08\/erhan-atli-228x300.jpg 228w\" sizes=\"(max-width: 267px) 100vw, 267px\" \/>\t\t\t\t\t\t\t\t\t\t\t\t\t\t\t<\/div>\n\t\t\t\t<\/div>\n\t\t            <\/div>\n        <\/div>\n                <div class=\"elementor-column elementor-col-50 elementor-top-column elementor-element elementor-element-07301fc\" data-id=\"07301fc\" data-element_type=\"column\">\n            <div class=\"elementor-widget-wrap elementor-element-populated\">\n                        \t\t<div class=\"elementor-element elementor-element-117792a elementor-widget elementor-widget-text-editor\" data-id=\"117792a\" data-element_type=\"widget\" data-widget_type=\"text-editor.default\">\n\t\t\t\t<div class=\"elementor-widget-container\">\n\t\t\t<style>\/*! elementor - v3.15.0 - 20-08-2023 *\/\n.elementor-widget-text-editor.elementor-drop-cap-view-stacked .elementor-drop-cap{background-color:#69727d;color:#fff}.elementor-widget-text-editor.elementor-drop-cap-view-framed .elementor-drop-cap{color:#69727d;border:3px solid;background-color:transparent}.elementor-widget-text-editor:not(.elementor-drop-cap-view-default) .elementor-drop-cap{margin-top:8px}.elementor-widget-text-editor:not(.elementor-drop-cap-view-default) .elementor-drop-cap-letter{width:1em;height:1em}.elementor-widget-text-editor .elementor-drop-cap{float:left;text-align:center;line-height:1;font-size:50px}.elementor-widget-text-editor .elementor-drop-cap-letter{display:inline-block}<\/style>\t\t\t\t<p style=\"text-align: justify;\">1984 \u0130stanbul Hukuk Fak\u00fcltesi mezunu olan Erhan Atl\u0131, 33 y\u0131l hakimlik mesle\u011fi s\u00fcresince, y\u0131llarca A\u011f\u0131r Ceza Ba\u015fkanl\u0131\u011f\u0131 ve \u0130stinaf Ceza Daire Ba\u015fkanl\u0131\u011f\u0131 yapm\u0131\u015f, ceza hukuku alan\u0131nda sayg\u0131n bir hukuk\u00e7u konumuna gelmi\u015ftir.<\/p><p style=\"text-align: justify;\">Avrupa \u0130nsan Haklar\u0131 S\u00f6zle\u015fmesi ve \u0130nsan Haklar\u0131 Mahkemesinin ba\u015fta T\u00fcrkiye olmak \u00fczere verdi\u011fi kararlar ve uygulamalar ile \u00fclkemiz hakk\u0131ndaki ihlal kararlar\u0131, Avrupa \u0130nsan Haklar\u0131 S\u00f6zle\u015fmesinin \u00f6zellikle ya\u015fama hakk\u0131 (2.madde), i\u015fkence ve k\u00f6t\u00fc muamele (3. madde), ki\u015fi g\u00fcvenli\u011fi (5.madde), adil yarg\u0131lanma hakk\u0131 (6.madde), d\u00fc\u015f\u00fcnce ve inan\u00e7 \u00f6zg\u00fcrl\u00fcklerine ili\u015fkin (9 ve 10. madde) ve ayr\u0131mc\u0131l\u0131\u011fa ili\u015fkin (14.madde) konular\u0131nda fark\u0131ndal\u0131\u011f\u0131n artmas\u0131 i\u00e7in e\u011fitici olarak hakim ve savc\u0131 meslekta\u015flar\u0131na seminerler vermi\u015f olup \u0130ngiliz, Hollanda ve Bel\u00e7ika \u00fclkelerinden gelen hakimlerle birlikte B\u00f6lge Adliye Mahkemelerinin kurulu\u015fu ve i\u015fleyi\u015fi \u00f6ncesi kar\u015f\u0131l\u0131kl\u0131 g\u00f6r\u00fc\u015f al\u0131\u015fveri\u015flerinin oldu\u011fu e\u011fitim \u00e7al\u0131\u015ftaylar\u0131nda aktif rol oynayarak hukuk sisteminin geli\u015fmesi i\u00e7in bir\u00e7ok seminer ve sempozyumda e\u011fitmen olarak yer alm\u0131\u015ft\u0131r. Erhan Atl\u0131, \u0130zmir \u0130stinaf Ceza Dairesi Ba\u015fkan\u0131 iken emekliye ayr\u0131lm\u0131\u015f ve engin bilgi ve deneyimlerini ATLI HUKUK B\u00fcrosu ile dan\u0131\u015fman olarak payla\u015fmaktad\u0131r. Erhan Atl\u0131 ayn\u0131 zamanda Adalet Bakanl\u0131\u011f\u0131\u2019na ba\u011fl\u0131 olarak arabuluculuk hizmeti de y\u00fcr\u00fctmektedir.<\/p>\t\t\t\t\t\t<\/div>\n\t\t\t\t<\/div>\n\t\t            <\/div>\n        <\/div>\n                            <\/div>\n        <\/section>\n        \t\t\t\t\t<\/div>\n\t\t","protected":false},"excerpt":{"rendered":"<p>ERHAN ATLI DANI\u015eMAN &amp; ARABULUCU &amp; AVUKAT 1984 \u0130stanbul Hukuk Fak\u00fcltesi mezunu olan Erhan Atl\u0131, 33 y\u0131l hakimlik mesle\u011fi s\u00fcresince, y\u0131llarca A\u011f\u0131r Ceza Ba\u015fkanl\u0131\u011f\u0131 ve \u0130stinaf Ceza Daire Ba\u015fkanl\u0131\u011f\u0131 yapm\u0131\u015f, ceza hukuku alan\u0131nda sayg\u0131n bir hukuk\u00e7u konumuna gelmi\u015ftir. Avrupa \u0130nsan Haklar\u0131 S\u00f6zle\u015fmesi ve \u0130nsan Haklar\u0131 Mahkemesinin ba\u015fta T\u00fcrkiye olmak \u00fczere verdi\u011fi kararlar ve uygulamalar ile [&hellip;]<\/p>\n","protected":false},"author":1,"featured_media":0,"parent":3520,"menu_order":0,"comment_status":"closed","ping_status":"closed","template":"","meta":{"footnotes":""},"class_list":["post-362","page","type-page","status-publish","hentry"],"_links":{"self":[{"href":"https:\/\/www.atlihukuk.com\/index.php\/wp-json\/wp\/v2\/pages\/362","targetHints":{"allow":["GET"]}}],"collection":[{"href":"https:\/\/www.atlihukuk.com\/index.php\/wp-json\/wp\/v2\/pages"}],"about":[{"href":"https:\/\/www.atlihukuk.com\/index.php\/wp-json\/wp\/v2\/types\/page"}],"author":[{"embeddable":true,"href":"https:\/\/www.atlihukuk.com\/index.php\/wp-json\/wp\/v2\/users\/1"}],"replies":[{"embeddable":true,"href":"https:\/\/www.atlihukuk.com\/index.php\/wp-json\/wp\/v2\/comments?post=362"}],"version-history":[{"count":12,"href":"https:\/\/www.atlihukuk.com\/index.php\/wp-json\/wp\/v2\/pages\/362\/revisions"}],"predecessor-version":[{"id":8762,"href":"https:\/\/www.atlihukuk.com\/index.php\/wp-json\/wp\/v2\/pages\/362\/revisions\/8762"}],"up":[{"embeddable":true,"href":"https:\/\/www.atlihukuk.com\/index.php\/wp-json\/wp\/v2\/pages\/3520"}],"wp:attachment":[{"href":"https:\/\/www.atlihukuk.com\/index.php\/wp-json\/wp\/v2\/media?parent=362"}],"curies":[{"name":"wp","href":"https:\/\/api.w.org\/{rel}","templated":true}]}}