{"id":8771,"date":"2021-08-08T15:03:23","date_gmt":"2021-08-08T12:03:23","guid":{"rendered":"https:\/\/alfa.web.tr\/atlihukuk\/?page_id=8771"},"modified":"2021-08-08T15:04:14","modified_gmt":"2021-08-08T12:04:14","slug":"prof-dr-abdulkadir-sener","status":"publish","type":"page","link":"https:\/\/www.atlihukuk.com\/index.php\/team-v-4\/prof-dr-abdulkadir-sener\/","title":{"rendered":"Prof Dr. ABDULKAD\u0130R \u015eENER"},"content":{"rendered":"\t\t<div data-elementor-type=\"wp-page\" data-elementor-id=\"8771\" class=\"elementor elementor-8771\">\n\t\t\t\t\t\t\t        <section class=\"elementor-section elementor-top-section elementor-element elementor-element-f04dad1 elementor-section-boxed elementor-section-height-default elementor-section-height-default\" data-id=\"f04dad1\" data-element_type=\"section\">\n            \n                        <div class=\"elementor-container elementor-column-gap-default \">\n                    <div class=\"elementor-column elementor-col-100 elementor-top-column elementor-element elementor-element-91e0e37\" data-id=\"91e0e37\" data-element_type=\"column\">\n            <div class=\"elementor-widget-wrap elementor-element-populated\">\n                        \t\t<div class=\"elementor-element elementor-element-6ef665a elementor-widget elementor-widget-ct_heading\" data-id=\"6ef665a\" data-element_type=\"widget\" data-widget_type=\"ct_heading.default\">\n\t\t\t\t<div class=\"elementor-widget-container\">\n\t\t\t<div class=\"ct-heading h-align-  sub- ct-heading-left item-st-line-left1\">\r\n\t    <h3 class=\"item--title st-line-left1 \" data-wow-delay=\"ms\">\r\n                <span>\r\n                            <i><\/i>\r\n            \r\n            Prof Dr. ABDULKAD\u0130R \u015eENER \r\n                    <\/span>\r\n            <\/h3>\r\n<\/div>\t\t<\/div>\n\t\t\t\t<\/div>\n\t\t\t\t<div class=\"elementor-element elementor-element-31c1987 elementor-widget elementor-widget-ct_heading\" data-id=\"31c1987\" data-element_type=\"widget\" data-widget_type=\"ct_heading.default\">\n\t\t\t\t<div class=\"elementor-widget-container\">\n\t\t\t<div class=\"ct-heading h-align-  sub- ct-heading-left item-st-line-left1\">\r\n\t    <h4 class=\"item--title st-line-left1 \" data-wow-delay=\"ms\">\r\n                <span>\r\n                            <i><\/i>\r\n            \r\n            DANI\u015eMAN\r\n                    <\/span>\r\n            <\/h4>\r\n<\/div>\t\t<\/div>\n\t\t\t\t<\/div>\n\t\t            <\/div>\n        <\/div>\n                            <\/div>\n        <\/section>\n                <section class=\"elementor-section elementor-top-section elementor-element elementor-element-e2d4a6c elementor-section-boxed elementor-section-height-default elementor-section-height-default\" data-id=\"e2d4a6c\" data-element_type=\"section\">\n            \n                        <div class=\"elementor-container elementor-column-gap-extended \">\n                    <div class=\"elementor-column elementor-col-50 elementor-top-column elementor-element elementor-element-de3f4f6\" data-id=\"de3f4f6\" data-element_type=\"column\">\n            <div class=\"elementor-widget-wrap elementor-element-populated\">\n                        \t\t<div class=\"elementor-element elementor-element-e6498dd elementor-widget elementor-widget-image\" data-id=\"e6498dd\" data-element_type=\"widget\" data-widget_type=\"image.default\">\n\t\t\t\t<div class=\"elementor-widget-container\">\n\t\t\t<style>\/*! elementor - v3.15.0 - 20-08-2023 *\/\n.elementor-widget-image{text-align:center}.elementor-widget-image a{display:inline-block}.elementor-widget-image a img[src$=\".svg\"]{width:48px}.elementor-widget-image img{vertical-align:middle;display:inline-block}<\/style>\t\t\t\t\t\t\t\t\t\t\t\t<img decoding=\"async\" width=\"267\" height=\"352\" src=\"https:\/\/www.atlihukuk.com\/wp-content\/uploads\/2021\/08\/hazirlik-1.jpg\" class=\"attachment-full size-full wp-image-8734\" alt=\"\" srcset=\"https:\/\/www.atlihukuk.com\/wp-content\/uploads\/2021\/08\/hazirlik-1.jpg 267w, https:\/\/www.atlihukuk.com\/wp-content\/uploads\/2021\/08\/hazirlik-1-228x300.jpg 228w\" sizes=\"(max-width: 267px) 100vw, 267px\" \/>\t\t\t\t\t\t\t\t\t\t\t\t\t\t\t<\/div>\n\t\t\t\t<\/div>\n\t\t            <\/div>\n        <\/div>\n                <div class=\"elementor-column elementor-col-50 elementor-top-column elementor-element elementor-element-07301fc\" data-id=\"07301fc\" data-element_type=\"column\">\n            <div class=\"elementor-widget-wrap elementor-element-populated\">\n                        \t\t<div class=\"elementor-element elementor-element-117792a elementor-widget elementor-widget-text-editor\" data-id=\"117792a\" data-element_type=\"widget\" data-widget_type=\"text-editor.default\">\n\t\t\t\t<div class=\"elementor-widget-container\">\n\t\t\t<style>\/*! elementor - v3.15.0 - 20-08-2023 *\/\n.elementor-widget-text-editor.elementor-drop-cap-view-stacked .elementor-drop-cap{background-color:#69727d;color:#fff}.elementor-widget-text-editor.elementor-drop-cap-view-framed .elementor-drop-cap{color:#69727d;border:3px solid;background-color:transparent}.elementor-widget-text-editor:not(.elementor-drop-cap-view-default) .elementor-drop-cap{margin-top:8px}.elementor-widget-text-editor:not(.elementor-drop-cap-view-default) .elementor-drop-cap-letter{width:1em;height:1em}.elementor-widget-text-editor .elementor-drop-cap{float:left;text-align:center;line-height:1;font-size:50px}.elementor-widget-text-editor .elementor-drop-cap-letter{display:inline-block}<\/style>\t\t\t\t<p style=\"text-align: justify;\">\u0130ngiltere, Cezayir, Ba\u011fdat, Kahire gibi bir\u00e7ok \u015fehir \u00fcniversitelerinde dersler vermi\u015f olan Prof. Dr. Abdulkadir \u015eener bir\u00e7ok kitap, makale ve tebli\u011f yay\u0131nlam\u0131\u015f olup, \u0130slam Hukuku alan\u0131nda \u00fclkemizin yeti\u015ftirdi\u011fi de\u011ferli bilim adamlar\u0131 aras\u0131nda g\u00f6sterilmektedir.<\/p><p style=\"text-align: justify;\">\u0130leri derecede Arap\u00e7a, Fars\u00e7a, Osmanl\u0131ca ve \u0130ngilizce bilen \u015eener, Atl\u0131 Hukuk B\u00fcrosunun dan\u0131\u015fman kadrosunda yer alarak, \u00fclkemizin kurulu\u015f y\u0131llar\u0131ndaki uygulamalar, \u0130slam co\u011frafyas\u0131ndaki bir \u00fclkenin vatanda\u015f\u0131 olan m\u00fcvekkiller ile ileti\u015fim ve kar\u015f\u0131l\u0131kl\u0131 hukuki uygulamalar\u0131n tespiti, tapu veya n\u00fcfus kayd\u0131 gibi hukuki ihtilafa konu olabilecek eski metinlerin terc\u00fcmesi ve ge\u00e7i\u015f s\u00fcrecindeki uygulamalar gibi farkl\u0131 alanlarda bilgi ve deneyimlerini payla\u015fmaktad\u0131r.<\/p>\t\t\t\t\t\t<\/div>\n\t\t\t\t<\/div>\n\t\t            <\/div>\n        <\/div>\n                            <\/div>\n        <\/section>\n        \t\t\t\t\t<\/div>\n\t\t","protected":false},"excerpt":{"rendered":"<p>Prof Dr. ABDULKAD\u0130R \u015eENER DANI\u015eMAN \u0130ngiltere, Cezayir, Ba\u011fdat, Kahire gibi bir\u00e7ok \u015fehir \u00fcniversitelerinde dersler vermi\u015f olan Prof. Dr. Abdulkadir \u015eener bir\u00e7ok kitap, makale ve tebli\u011f yay\u0131nlam\u0131\u015f olup, \u0130slam Hukuku alan\u0131nda \u00fclkemizin yeti\u015ftirdi\u011fi de\u011ferli bilim adamlar\u0131 aras\u0131nda g\u00f6sterilmektedir. \u0130leri derecede Arap\u00e7a, Fars\u00e7a, Osmanl\u0131ca ve \u0130ngilizce bilen \u015eener, Atl\u0131 Hukuk B\u00fcrosunun dan\u0131\u015fman kadrosunda yer alarak, \u00fclkemizin kurulu\u015f [&hellip;]<\/p>\n","protected":false},"author":1,"featured_media":0,"parent":3520,"menu_order":0,"comment_status":"closed","ping_status":"closed","template":"","meta":{"footnotes":""},"class_list":["post-8771","page","type-page","status-publish","hentry"],"_links":{"self":[{"href":"https:\/\/www.atlihukuk.com\/index.php\/wp-json\/wp\/v2\/pages\/8771","targetHints":{"allow":["GET"]}}],"collection":[{"href":"https:\/\/www.atlihukuk.com\/index.php\/wp-json\/wp\/v2\/pages"}],"about":[{"href":"https:\/\/www.atlihukuk.com\/index.php\/wp-json\/wp\/v2\/types\/page"}],"author":[{"embeddable":true,"href":"https:\/\/www.atlihukuk.com\/index.php\/wp-json\/wp\/v2\/users\/1"}],"replies":[{"embeddable":true,"href":"https:\/\/www.atlihukuk.com\/index.php\/wp-json\/wp\/v2\/comments?post=8771"}],"version-history":[{"count":4,"href":"https:\/\/www.atlihukuk.com\/index.php\/wp-json\/wp\/v2\/pages\/8771\/revisions"}],"predecessor-version":[{"id":8792,"href":"https:\/\/www.atlihukuk.com\/index.php\/wp-json\/wp\/v2\/pages\/8771\/revisions\/8792"}],"up":[{"embeddable":true,"href":"https:\/\/www.atlihukuk.com\/index.php\/wp-json\/wp\/v2\/pages\/3520"}],"wp:attachment":[{"href":"https:\/\/www.atlihukuk.com\/index.php\/wp-json\/wp\/v2\/media?parent=8771"}],"curies":[{"name":"wp","href":"https:\/\/api.w.org\/{rel}","templated":true}]}}