{"id":8796,"date":"2021-08-08T15:06:17","date_gmt":"2021-08-08T12:06:17","guid":{"rendered":"https:\/\/alfa.web.tr\/atlihukuk\/?page_id=8796"},"modified":"2021-08-18T11:00:27","modified_gmt":"2021-08-18T08:00:27","slug":"hizmetlerimiz","status":"publish","type":"page","link":"https:\/\/www.atlihukuk.com\/index.php\/hizmetlerimiz\/","title":{"rendered":"H\u0130ZMETLER\u0130M\u0130Z"},"content":{"rendered":"\t\t<div data-elementor-type=\"wp-page\" data-elementor-id=\"8796\" class=\"elementor elementor-8796\">\n\t\t\t\t\t\t\t        <section class=\"elementor-section elementor-top-section elementor-element elementor-element-ab2b90f elementor-section-boxed elementor-section-height-default elementor-section-height-default\" data-id=\"ab2b90f\" data-element_type=\"section\">\n            \n                        <div class=\"elementor-container elementor-column-gap-default \">\n                    <div class=\"elementor-column elementor-col-100 elementor-top-column elementor-element elementor-element-51fb96d\" data-id=\"51fb96d\" data-element_type=\"column\">\n            <div class=\"elementor-widget-wrap elementor-element-populated\">\n                        \t\t<div class=\"elementor-element elementor-element-015bc3f elementor-widget elementor-widget-ct_heading\" data-id=\"015bc3f\" data-element_type=\"widget\" data-widget_type=\"ct_heading.default\">\n\t\t\t\t<div class=\"elementor-widget-container\">\n\t\t\t<div class=\"ct-heading h-align-  sub- ct-heading-left item-st-line-left1\">\r\n\t    <h3 class=\"item--title st-line-left1 \" data-wow-delay=\"ms\">\r\n                <span>\r\n                            <i><\/i>\r\n            \r\n            UZMANLIK\nALANLARIMIZ\r\n                    <\/span>\r\n            <\/h3>\r\n<\/div>\t\t<\/div>\n\t\t\t\t<\/div>\n\t\t            <\/div>\n        <\/div>\n                            <\/div>\n        <\/section>\n                <section class=\"elementor-section elementor-top-section elementor-element elementor-element-0f10d8c elementor-section-stretched elementor-section-boxed elementor-section-height-default elementor-section-height-default\" data-id=\"0f10d8c\" data-element_type=\"section\" data-settings=\"{&quot;stretch_section&quot;:&quot;section-stretched&quot;,&quot;background_background&quot;:&quot;classic&quot;}\">\n            \n                        <div class=\"elementor-container elementor-column-gap-extended \">\n                    <div class=\"elementor-column elementor-col-100 elementor-top-column elementor-element elementor-element-bb75876\" data-id=\"bb75876\" data-element_type=\"column\">\n            <div class=\"elementor-widget-wrap elementor-element-populated\">\n                        \t\t<div class=\"elementor-element elementor-element-b25eae5 elementor-widget elementor-widget-ct_text_editor\" data-id=\"b25eae5\" data-element_type=\"widget\" data-widget_type=\"ct_text_editor.default\">\n\t\t\t\t<div class=\"elementor-widget-container\">\n\t\t\t<div id=\"ct_text_editor-b25eae5\" class=\"ct-text-editor \" data-wow-delay=\"ms\">\n\t<div class=\"ct-inline-css\"  data-css=\"\n        \t\t\">\n\n    <\/div>\n\t<div class=\"ct-text-editor elementor-clearfix\">\n\t\t<p style=\"text-align: justify\">ATLI HUKUK; Ceza Hukuku, Ticaret Hukuku, S\u00f6zle\u015fme Hukuku, Bor\u00e7lar Hukuku, Aile Hukuku, Miras Hukuku, E\u015fya Hukuku, Ta\u015f\u0131ma ve Lojistik Hukuku, \u0130\u015f Hukuku, \u0130cra ve \u0130flas Hukuku ve \u0130dare Hukuku gibi bir\u00e7ok hukuk dal\u0131nda, geni\u015f ekibi ile dan\u0131\u015fman kadrosunun tecr\u00fcbe ve deste\u011fiyle faaliyetlerini s\u00fcrd\u00fcrmekte, ayr\u0131ca Arabuluculuk Resmi Siciline kay\u0131tl\u0131 arabulucu kadrosuyla ihtiyati ve zorunlu arabuluculuk hizmetlerini de ifa etmektedir.<\/p><p style=\"text-align: justify\">Ayr\u0131ca; m\u00fcvekkillerinin istekleri do\u011frultusunda Fikri ve S\u0131na\u00ee M\u00fclkiyet Hukuku alan\u0131ndaki ola\u011fan hukuki i\u015flerinin takibini partner ofisleriyle birlikte y\u00fcr\u00fctmekte, T\u00fcrk Patent Enstit\u00fcs\u00fc nezdinde ger\u00e7ekle\u015ftirilecek hukuki hizmetler konusunda da yard\u0131mc\u0131 olmaktad\u0131r.<\/p><p style=\"text-align: justify\">ATLI HUKUK, talep eden m\u00fcvekkillerine \u201ckoruyucu avukatl\u0131k\u201d ve \u201chukuki dan\u0131\u015fmanl\u0131k\u201d deste\u011fi vermektedir. Bu kapsamda; m\u00fcvekkillerinin hukuken ve ticari anlamda azami d\u00fczeyde korunmas\u0131 amac\u0131yla taraf oldu\u011fu i\u015flerin her a\u015famas\u0131nda m\u00fcvekkillerine m\u00fc\u015favirlik hizmeti sa\u011flayarak; hukuki hata, sorun ve uyu\u015fmazl\u0131klar\u0131n \u00e7\u0131kmas\u0131n\u0131 \u00f6nlemekte, \u015firket i\u00e7i hukuki riskleri asgari seviyede tutarak maddi kay\u0131p ya\u015fanmas\u0131 ve hukuki problemlere en ba\u015fta \u00e7\u00f6z\u00fcm \u00fcreterek ileride kar\u015f\u0131la\u015f\u0131lmas\u0131 muhtemel riskleri kald\u0131rmay\u0131 hedeflemektedir. Ayr\u0131ca m\u00fcvekkillerini temsilen yap\u0131lacak g\u00f6r\u00fc\u015fmelere kat\u0131lmakta ve \u015firket i\u00e7i y\u00f6netim toplant\u0131lar\u0131na kat\u0131larak bilgi ve deneyimlerin payla\u015f\u0131lmas\u0131 konular\u0131nda hizmet sa\u011flamaktad\u0131r.<\/p>\t\t\n\t<\/div>\n<\/div>\t\t<\/div>\n\t\t\t\t<\/div>\n\t\t            <\/div>\n        <\/div>\n                            <\/div>\n        <\/section>\n                <section class=\"elementor-section elementor-top-section elementor-element elementor-element-4d811d5d elementor-section-full_width elementor-section-height-default elementor-section-height-default\" data-id=\"4d811d5d\" data-element_type=\"section\">\n            \n                        <div class=\"elementor-container elementor-column-gap-default \">\n                    <div class=\"elementor-column elementor-col-100 elementor-top-column elementor-element elementor-element-2c52ea68\" data-id=\"2c52ea68\" data-element_type=\"column\">\n            <div class=\"elementor-widget-wrap elementor-element-populated\">\n                        \t\t<div class=\"elementor-element elementor-element-15957437 elementor-widget elementor-widget-ct_fancy_box_grid\" data-id=\"15957437\" data-element_type=\"widget\" data-widget_type=\"ct_fancy_box_grid.default\">\n\t\t\t\t<div class=\"elementor-widget-container\">\n\t\t\t    <div id=\"ct_fancy_box_grid-15957437\" class=\"ct-grid ct-fancy-box-grid ct-fancy-box-grid2\">\r\n        <div class=\"ct-grid-inner ct-grid-masonry row\" data-gutter=\"7\">\r\n                            <div class=\"grid-item col-xl-4 col-lg-4 col-md-4 col-sm-6 col-12\">\r\n                    <div class=\"item--inner same-height\">\r\n                                                                            <div class=\"item--icon\">\r\n                                <img decoding=\"async\" width=\"200\" height=\"200\" src=\"https:\/\/www.atlihukuk.com\/wp-content\/uploads\/2021\/08\/1682759-200-1.png\" class=\"attachment-full\" alt=\"\" \/>                            <\/div>\r\n                        \r\n                        <h3 class=\"item--title\">    \r\n                            T\u0130CARET HUKUKU                        <\/h3>\r\n                        <div class=\"item--desc\"><\/div>\r\n                                           <\/div>\r\n                   <div class=\"item--shadow\"><\/div>\r\n                <\/div>\r\n                            <div class=\"grid-item col-xl-4 col-lg-4 col-md-4 col-sm-6 col-12\">\r\n                    <div class=\"item--inner same-height\">\r\n                                                                            <div class=\"item--icon\">\r\n                                <img decoding=\"async\" width=\"200\" height=\"200\" src=\"https:\/\/www.atlihukuk.com\/wp-content\/uploads\/2021\/08\/3344751-200-1.png\" class=\"attachment-full\" alt=\"\" \/>                            <\/div>\r\n                        \r\n                        <h3 class=\"item--title\">    \r\n                            BOR\u00c7LAR HUKUKU                        <\/h3>\r\n                        <div class=\"item--desc\"><\/div>\r\n                                           <\/div>\r\n                   <div class=\"item--shadow\"><\/div>\r\n                <\/div>\r\n                            <div class=\"grid-item col-xl-4 col-lg-4 col-md-4 col-sm-6 col-12\">\r\n                    <div class=\"item--inner same-height\">\r\n                                                                            <div class=\"item--icon\">\r\n                                <img decoding=\"async\" width=\"200\" height=\"200\" src=\"https:\/\/www.atlihukuk.com\/wp-content\/uploads\/2021\/08\/1696077-200-1.png\" class=\"attachment-full\" alt=\"\" \/>                            <\/div>\r\n                        \r\n                        <h3 class=\"item--title\">    \r\n                            \u0130\u015e HUKUKU                        <\/h3>\r\n                        <div class=\"item--desc\"><\/div>\r\n                                           <\/div>\r\n                   <div class=\"item--shadow\"><\/div>\r\n                <\/div>\r\n                            <div class=\"grid-item col-xl-4 col-lg-4 col-md-4 col-sm-6 col-12\">\r\n                    <div class=\"item--inner same-height\">\r\n                                                                            <div class=\"item--icon\">\r\n                                <img decoding=\"async\" width=\"200\" height=\"200\" src=\"https:\/\/www.atlihukuk.com\/wp-content\/uploads\/2021\/08\/2340126-200-1.png\" class=\"attachment-full\" alt=\"\" \/>                            <\/div>\r\n                        \r\n                        <h3 class=\"item--title\">    \r\n                            VERG\u0130 HUKUKU                        <\/h3>\r\n                        <div class=\"item--desc\"><\/div>\r\n                                           <\/div>\r\n                   <div class=\"item--shadow\"><\/div>\r\n                <\/div>\r\n                            <div class=\"grid-item col-xl-4 col-lg-4 col-md-4 col-sm-6 col-12\">\r\n                    <div class=\"item--inner same-height\">\r\n                                                                            <div class=\"item--icon\">\r\n                                <img decoding=\"async\" width=\"200\" height=\"200\" src=\"https:\/\/www.atlihukuk.com\/wp-content\/uploads\/2021\/08\/4158168-200-1.png\" class=\"attachment-full\" alt=\"\" \/>                            <\/div>\r\n                        \r\n                        <h3 class=\"item--title\">    \r\n                            F\u0130KR\u0130 VE SINA\u0130 M\u00dcLK\u0130YET HUKUKU                        <\/h3>\r\n                        <div class=\"item--desc\"><\/div>\r\n                                           <\/div>\r\n                   <div class=\"item--shadow\"><\/div>\r\n                <\/div>\r\n                            <div class=\"grid-item col-xl-4 col-lg-4 col-md-4 col-sm-6 col-12\">\r\n                    <div class=\"item--inner same-height\">\r\n                                                                            <div class=\"item--icon\">\r\n                                <img decoding=\"async\" width=\"200\" height=\"200\" src=\"https:\/\/www.atlihukuk.com\/wp-content\/uploads\/2021\/08\/3683700-200-1.png\" class=\"attachment-full\" alt=\"\" \/>                            <\/div>\r\n                        \r\n                        <h3 class=\"item--title\">    \r\n                            \u0130CRA VE \u0130FLAS HUKUKU                        <\/h3>\r\n                        <div class=\"item--desc\"><\/div>\r\n                                           <\/div>\r\n                   <div class=\"item--shadow\"><\/div>\r\n                <\/div>\r\n                            <div class=\"grid-item col-xl-4 col-lg-4 col-md-4 col-sm-6 col-12\">\r\n                    <div class=\"item--inner same-height\">\r\n                                                                            <div class=\"item--icon\">\r\n                                <img decoding=\"async\" width=\"200\" height=\"200\" src=\"https:\/\/www.atlihukuk.com\/wp-content\/uploads\/2021\/08\/858152-200-1.png\" class=\"attachment-full\" alt=\"\" \/>                            <\/div>\r\n                        \r\n                        <h3 class=\"item--title\">    \r\n                            A\u0130LE HUKUKU                        <\/h3>\r\n                        <div class=\"item--desc\"><\/div>\r\n                                           <\/div>\r\n                   <div class=\"item--shadow\"><\/div>\r\n                <\/div>\r\n                            <div class=\"grid-item col-xl-4 col-lg-4 col-md-4 col-sm-6 col-12\">\r\n                    <div class=\"item--inner same-height\">\r\n                                                                            <div class=\"item--icon\">\r\n                                <img decoding=\"async\" width=\"200\" height=\"200\" src=\"https:\/\/www.atlihukuk.com\/wp-content\/uploads\/2021\/08\/2259650-200-1.png\" class=\"attachment-full\" alt=\"\" \/>                            <\/div>\r\n                        \r\n                        <h3 class=\"item--title\">    \r\n                            CEZA HUKUKU                        <\/h3>\r\n                        <div class=\"item--desc\"><\/div>\r\n                                           <\/div>\r\n                   <div class=\"item--shadow\"><\/div>\r\n                <\/div>\r\n                            <div class=\"grid-item col-xl-4 col-lg-4 col-md-4 col-sm-6 col-12\">\r\n                    <div class=\"item--inner same-height\">\r\n                                                                            <div class=\"item--icon\">\r\n                                <img decoding=\"async\" width=\"200\" height=\"200\" src=\"https:\/\/www.atlihukuk.com\/wp-content\/uploads\/2021\/08\/3156653-200-1.png\" class=\"attachment-full\" alt=\"\" \/>                            <\/div>\r\n                        \r\n                        <h3 class=\"item--title\">    \r\n                            \u0130DARE HUKUKU                        <\/h3>\r\n                        <div class=\"item--desc\"><\/div>\r\n                                           <\/div>\r\n                   <div class=\"item--shadow\"><\/div>\r\n                <\/div>\r\n                            <div class=\"grid-item col-xl-4 col-lg-4 col-md-4 col-sm-6 col-12\">\r\n                    <div class=\"item--inner same-height\">\r\n                                                                            <div class=\"item--icon\">\r\n                                <img decoding=\"async\" width=\"200\" height=\"200\" src=\"https:\/\/www.atlihukuk.com\/wp-content\/uploads\/2021\/08\/4058507-200-1.png\" class=\"attachment-full\" alt=\"\" \/>                            <\/div>\r\n                        \r\n                        <h3 class=\"item--title\">    \r\n                            M\u0130RAS HUKUKU                        <\/h3>\r\n                        <div class=\"item--desc\"><\/div>\r\n                                           <\/div>\r\n                   <div class=\"item--shadow\"><\/div>\r\n                <\/div>\r\n                        <div class=\"grid-sizer col-xl-4 col-lg-4 col-md-4 col-sm-6 col-12\"><\/div>\r\n        <\/div>\r\n    <\/div>\r\n\t\t<\/div>\n\t\t\t\t<\/div>\n\t\t            <\/div>\n        <\/div>\n                            <\/div>\n        <\/section>\n        \t\t\t\t\t<\/div>\n\t\t","protected":false},"excerpt":{"rendered":"<p>UZMANLIK ALANLARIMIZ ATLI HUKUK; Ceza Hukuku, Ticaret Hukuku, S\u00f6zle\u015fme Hukuku, Bor\u00e7lar Hukuku, Aile Hukuku, Miras Hukuku, E\u015fya Hukuku, Ta\u015f\u0131ma ve Lojistik Hukuku, \u0130\u015f Hukuku, \u0130cra ve \u0130flas Hukuku ve \u0130dare Hukuku gibi bir\u00e7ok hukuk dal\u0131nda, geni\u015f ekibi ile dan\u0131\u015fman kadrosunun tecr\u00fcbe ve deste\u011fiyle faaliyetlerini s\u00fcrd\u00fcrmekte, ayr\u0131ca Arabuluculuk Resmi Siciline kay\u0131tl\u0131 arabulucu kadrosuyla ihtiyati ve zorunlu [&hellip;]<\/p>\n","protected":false},"author":1,"featured_media":0,"parent":0,"menu_order":0,"comment_status":"closed","ping_status":"closed","template":"","meta":{"footnotes":""},"class_list":["post-8796","page","type-page","status-publish","hentry"],"_links":{"self":[{"href":"https:\/\/www.atlihukuk.com\/index.php\/wp-json\/wp\/v2\/pages\/8796","targetHints":{"allow":["GET"]}}],"collection":[{"href":"https:\/\/www.atlihukuk.com\/index.php\/wp-json\/wp\/v2\/pages"}],"about":[{"href":"https:\/\/www.atlihukuk.com\/index.php\/wp-json\/wp\/v2\/types\/page"}],"author":[{"embeddable":true,"href":"https:\/\/www.atlihukuk.com\/index.php\/wp-json\/wp\/v2\/users\/1"}],"replies":[{"embeddable":true,"href":"https:\/\/www.atlihukuk.com\/index.php\/wp-json\/wp\/v2\/comments?post=8796"}],"version-history":[{"count":40,"href":"https:\/\/www.atlihukuk.com\/index.php\/wp-json\/wp\/v2\/pages\/8796\/revisions"}],"predecessor-version":[{"id":9113,"href":"https:\/\/www.atlihukuk.com\/index.php\/wp-json\/wp\/v2\/pages\/8796\/revisions\/9113"}],"wp:attachment":[{"href":"https:\/\/www.atlihukuk.com\/index.php\/wp-json\/wp\/v2\/media?parent=8796"}],"curies":[{"name":"wp","href":"https:\/\/api.w.org\/{rel}","templated":true}]}}