{"id":8825,"date":"2021-08-08T15:14:59","date_gmt":"2021-08-08T12:14:59","guid":{"rendered":"https:\/\/alfa.web.tr\/atlihukuk\/?page_id=8825"},"modified":"2025-07-31T09:29:37","modified_gmt":"2025-07-31T06:29:37","slug":"kariyer","status":"publish","type":"page","link":"https:\/\/www.atlihukuk.com\/index.php\/kariyer\/","title":{"rendered":"KAR\u0130YER"},"content":{"rendered":"\t\t<div data-elementor-type=\"wp-page\" data-elementor-id=\"8825\" class=\"elementor elementor-8825\">\n\t\t\t\t\t\t\t        <section class=\"elementor-section elementor-top-section elementor-element elementor-element-f5be7bc elementor-section-boxed elementor-section-height-default elementor-section-height-default\" data-id=\"f5be7bc\" data-element_type=\"section\">\n            \n                        <div class=\"elementor-container elementor-column-gap-default \">\n                    <div class=\"elementor-column elementor-col-100 elementor-top-column elementor-element elementor-element-9a429a9\" data-id=\"9a429a9\" data-element_type=\"column\">\n            <div class=\"elementor-widget-wrap elementor-element-populated\">\n                        \t\t<div class=\"elementor-element elementor-element-d178430 elementor-widget elementor-widget-ct_heading\" data-id=\"d178430\" data-element_type=\"widget\" data-widget_type=\"ct_heading.default\">\n\t\t\t\t<div class=\"elementor-widget-container\">\n\t\t\t<div class=\"ct-heading h-align-  sub- ct-heading-left item-st-line-left1\">\r\n\t    <h3 class=\"item--title st-line-left1 \" data-wow-delay=\"ms\">\r\n                <span>\r\n                            <i><\/i>\r\n            \r\n            YEN\u0130 TAKIM ARKADA\u015eLARINA KAPIMIZ A\u00c7IK.\n\r\n                    <\/span>\r\n            <\/h3>\r\n<\/div>\t\t<\/div>\n\t\t\t\t<\/div>\n\t\t\t\t<div class=\"elementor-element elementor-element-74a480b elementor-widget elementor-widget-ct_heading\" data-id=\"74a480b\" data-element_type=\"widget\" data-widget_type=\"ct_heading.default\">\n\t\t\t\t<div class=\"elementor-widget-container\">\n\t\t\t<div class=\"ct-heading h-align-  sub- ct-heading-left item-st-line-left1\">\r\n\t    <span class=\"item--title st-line-left1 \" data-wow-delay=\"ms\">\r\n                <span>\r\n                            <i><\/i>\r\n            \r\n            Global i\u015f d\u00fcnyas\u0131nda, birden fazla \u00fclkeden onlarca m\u00fcvekkile hizmet veren ofislerimizde \u00e7al\u0131\u015facak, sizin gibi adaylara ihtiyac\u0131m\u0131z var. Avukat olsun veya olmas\u0131n, bizimle ortak de\u011ferlere sahip ki\u015filer ile beraber \u00e7al\u0131\u015fmaktan b\u00fcy\u00fck bir memnuniyet duyar\u0131z.\r\n                    <\/span>\r\n            <\/span>\r\n<\/div>\t\t<\/div>\n\t\t\t\t<\/div>\n\t\t            <\/div>\n        <\/div>\n                            <\/div>\n        <\/section>\n                <section class=\"elementor-section elementor-top-section elementor-element elementor-element-1997972 elementor-section-boxed elementor-section-height-default elementor-section-height-default\" data-id=\"1997972\" data-element_type=\"section\">\n            \n                        <div class=\"elementor-container elementor-column-gap-default \">\n                    <div class=\"elementor-column elementor-col-50 elementor-top-column elementor-element elementor-element-2a67568\" data-id=\"2a67568\" data-element_type=\"column\">\n            <div class=\"elementor-widget-wrap elementor-element-populated\">\n                        \t\t<div class=\"elementor-element elementor-element-ee391f3 elementor-widget elementor-widget-ct_image\" data-id=\"ee391f3\" data-element_type=\"widget\" data-widget_type=\"ct_image.default\">\n\t\t\t\t<div class=\"elementor-widget-container\">\n\t\t\t<div class=\"ct-image-single  \">\r\n                        <img decoding=\"async\" width=\"1200\" height=\"800\" src=\"https:\/\/www.atlihukuk.com\/wp-content\/uploads\/2019\/11\/update-blog3.jpg\" class=\"attachment-full\" alt=\"\" \/>            <\/div>\t\t<\/div>\n\t\t\t\t<\/div>\n\t\t            <\/div>\n        <\/div>\n                <div class=\"elementor-column elementor-col-50 elementor-top-column elementor-element elementor-element-63a7b0a\" data-id=\"63a7b0a\" data-element_type=\"column\">\n            <div class=\"elementor-widget-wrap\">\n                                    <\/div>\n        <\/div>\n                            <\/div>\n        <\/section>\n        \t\t\t\t\t<\/div>\n\t\t","protected":false},"excerpt":{"rendered":"<p>YEN\u0130 TAKIM ARKADA\u015eLARINA KAPIMIZ A\u00c7IK. Global i\u015f d\u00fcnyas\u0131nda, birden fazla \u00fclkeden onlarca m\u00fcvekkile hizmet veren ofislerimizde \u00e7al\u0131\u015facak, sizin gibi adaylara ihtiyac\u0131m\u0131z var. Avukat olsun veya olmas\u0131n, bizimle ortak de\u011ferlere sahip ki\u015filer ile beraber \u00e7al\u0131\u015fmaktan b\u00fcy\u00fck bir memnuniyet duyar\u0131z. Formu \u0130let<\/p>\n","protected":false},"author":1,"featured_media":0,"parent":0,"menu_order":0,"comment_status":"closed","ping_status":"closed","template":"","meta":{"footnotes":""},"class_list":["post-8825","page","type-page","status-publish","hentry"],"_links":{"self":[{"href":"https:\/\/www.atlihukuk.com\/index.php\/wp-json\/wp\/v2\/pages\/8825","targetHints":{"allow":["GET"]}}],"collection":[{"href":"https:\/\/www.atlihukuk.com\/index.php\/wp-json\/wp\/v2\/pages"}],"about":[{"href":"https:\/\/www.atlihukuk.com\/index.php\/wp-json\/wp\/v2\/types\/page"}],"author":[{"embeddable":true,"href":"https:\/\/www.atlihukuk.com\/index.php\/wp-json\/wp\/v2\/users\/1"}],"replies":[{"embeddable":true,"href":"https:\/\/www.atlihukuk.com\/index.php\/wp-json\/wp\/v2\/comments?post=8825"}],"version-history":[{"count":13,"href":"https:\/\/www.atlihukuk.com\/index.php\/wp-json\/wp\/v2\/pages\/8825\/revisions"}],"predecessor-version":[{"id":9163,"href":"https:\/\/www.atlihukuk.com\/index.php\/wp-json\/wp\/v2\/pages\/8825\/revisions\/9163"}],"wp:attachment":[{"href":"https:\/\/www.atlihukuk.com\/index.php\/wp-json\/wp\/v2\/media?parent=8825"}],"curies":[{"name":"wp","href":"https:\/\/api.w.org\/{rel}","templated":true}]}}